{"id":15,"date":"2023-06-02T14:30:45","date_gmt":"2023-06-02T14:30:45","guid":{"rendered":"https:\/\/solving.com.ar\/index.php\/producto\/hoodie-with-logo\/"},"modified":"2023-06-05T13:43:23","modified_gmt":"2023-06-05T13:43:23","slug":"hoodie-with-logo","status":"publish","type":"product","link":"https:\/\/solving.com.ar\/index.php\/producto\/hoodie-with-logo\/","title":{"rendered":"Cargador SOUL Fast Charge"},"content":{"rendered":"<p>EL CARGADOR QUE TU CELULAR SE MERECE!<br \/>\nCarg\u00e1 tu tel\u00e9fono de la forma m\u00e1s r\u00e1pida con la tecnolog\u00eda Qualcomm\u00ae 3.0 Quick Charge<\/p>\n<p>La tecnolog\u00eda Qualcomm\u00ae Quick Charge suministra corriente a tus dispositivos con m\u00e1s rapidez que la carga convencional, lo que reduce el tiempo que tienes que dejar los dispositivos enchufados para cargarlos. Busca siempre el logotipo Quick Charge cuando compres un accesorio para tu dispositivo compatible con Quick Charge. Esta certificaci\u00f3n asegura que el cargador cumple con los est\u00e1ndares de Qualcomm de rendimiento y seguridad.<\/p>\n<p>Cable de carga: Tipo C &#8211; Micro USB &#8211; Lightning<br \/>\nEntrada: 100-240V<br \/>\nPuertos: 2 Puertos USB 2.4 Amp &#8211; 1 Puerto USB 3.1 Amp Q<br \/>\nSalida: 5V; 4.4 Amp<br \/>\nTecnolog\u00eda Qualcomm 3.0: Si<\/p>\n","protected":false},"excerpt":{"rendered":"<p>Cable de carga: Tipo C &#8211; Micro USB &#8211; Lightning<br \/>\nEntrada: 100-240V<br \/>\nPuertos: 2 Puertos USB 2.4 Amp &#8211; 1 Puerto USB 3.1 Amp Q<br \/>\nSalida: 5V; 4.4 Amp<br \/>\nTecnolog\u00eda Qualcomm 3.0: Si<\/p>\n","protected":false},"featured_media":17,"comment_status":"open","ping_status":"closed","template":"","meta":{"site-sidebar-layout":"default","site-content-layout":"","ast-site-content-layout":"","site-content-style":"default","site-sidebar-style":"default","ast-global-header-display":"","ast-banner-title-visibility":"","ast-main-header-display":"","ast-hfb-above-header-display":"","ast-hfb-below-header-display":"","ast-hfb-mobile-header-display":"","site-post-title":"","ast-breadcrumbs-content":"","ast-featured-img":"","footer-sml-layout":"","theme-transparent-header-meta":"","adv-header-id-meta":"","stick-header-meta":"","header-above-stick-meta":"","header-main-stick-meta":"","header-below-stick-meta":"","astra-migrate-meta-layouts":"default","ast-page-background-enabled":"default","ast-page-background-meta":{"desktop":{"background-color":"var(--ast-global-color-4)","background-image":"","background-repeat":"repeat","background-position":"center center","background-size":"auto","background-attachment":"scroll","background-type":"","background-media":"","overlay-type":"","overlay-color":"","overlay-opacity":"","overlay-gradient":""},"tablet":{"background-color":"","background-image":"","background-repeat":"repeat","background-position":"center center","background-size":"auto","background-attachment":"scroll","background-type":"","background-media":"","overlay-type":"","overlay-color":"","overlay-opacity":"","overlay-gradient":""},"mobile":{"background-color":"","background-image":"","background-repeat":"repeat","background-position":"center center","background-size":"auto","background-attachment":"scroll","background-type":"","background-media":"","overlay-type":"","overlay-color":"","overlay-opacity":"","overlay-gradient":""}},"ast-content-background-meta":{"desktop":{"background-color":"var(--ast-global-color-5)","background-image":"","background-repeat":"repeat","background-position":"center center","background-size":"auto","background-attachment":"scroll","background-type":"","background-media":"","overlay-type":"","overlay-color":"","overlay-opacity":"","overlay-gradient":""},"tablet":{"background-color":"var(--ast-global-color-5)","background-image":"","background-repeat":"repeat","background-position":"center center","background-size":"auto","background-attachment":"scroll","background-type":"","background-media":"","overlay-type":"","overlay-color":"","overlay-opacity":"","overlay-gradient":""},"mobile":{"background-color":"var(--ast-global-color-5)","background-image":"","background-repeat":"repeat","background-position":"center center","background-size":"auto","background-attachment":"scroll","background-type":"","background-media":"","overlay-type":"","overlay-color":"","overlay-opacity":"","overlay-gradient":""}},"advanced_seo_description":"","jetpack_seo_html_title":"","jetpack_seo_noindex":false,"jetpack_publicize_message":"","jetpack_publicize_feature_enabled":true,"jetpack_social_post_already_shared":false,"jetpack_social_options":{"image_generator_settings":{"template":"highway","default_image_id":0,"font":"","enabled":false},"version":2}},"product_brand":[],"product_cat":[20],"product_tag":[22,21,23,24],"class_list":{"0":"post-15","1":"product","2":"type-product","3":"status-publish","4":"has-post-thumbnail","6":"product_cat-cargadores","7":"product_tag-carga-rapida","8":"product_tag-cargador","9":"product_tag-fast-charge","10":"product_tag-soul","11":"desktop-align-left","12":"tablet-align-left","13":"mobile-align-left","15":"first","16":"instock","17":"shipping-taxable","18":"product-type-simple"},"jetpack_publicize_connections":[],"jetpack_sharing_enabled":true,"_links":{"self":[{"href":"https:\/\/solving.com.ar\/index.php\/wp-json\/wp\/v2\/product\/15","targetHints":{"allow":["GET"]}}],"collection":[{"href":"https:\/\/solving.com.ar\/index.php\/wp-json\/wp\/v2\/product"}],"about":[{"href":"https:\/\/solving.com.ar\/index.php\/wp-json\/wp\/v2\/types\/product"}],"replies":[{"embeddable":true,"href":"https:\/\/solving.com.ar\/index.php\/wp-json\/wp\/v2\/comments?post=15"}],"wp:featuredmedia":[{"embeddable":true,"href":"https:\/\/solving.com.ar\/index.php\/wp-json\/wp\/v2\/media\/17"}],"wp:attachment":[{"href":"https:\/\/solving.com.ar\/index.php\/wp-json\/wp\/v2\/media?parent=15"}],"wp:term":[{"taxonomy":"product_brand","embeddable":true,"href":"https:\/\/solving.com.ar\/index.php\/wp-json\/wp\/v2\/product_brand?post=15"},{"taxonomy":"product_cat","embeddable":true,"href":"https:\/\/solving.com.ar\/index.php\/wp-json\/wp\/v2\/product_cat?post=15"},{"taxonomy":"product_tag","embeddable":true,"href":"https:\/\/solving.com.ar\/index.php\/wp-json\/wp\/v2\/product_tag?post=15"}],"curies":[{"name":"wp","href":"https:\/\/api.w.org\/{rel}","templated":true}]}}